{"id":3,"date":"2025-03-26T14:28:22","date_gmt":"2025-03-26T13:28:22","guid":{"rendered":"http:\/\/opalinr.cluster021.hosting.ovh.net\/?page_id=3"},"modified":"2025-09-13T00:42:27","modified_gmt":"2025-09-12T22:42:27","slug":"politique-de-confidentialite","status":"publish","type":"page","link":"https:\/\/opalinski-avocat.com\/index.php\/politique-de-confidentialite\/","title":{"rendered":"Mentions L\u00e9gales"},"content":{"rendered":"\t\t<div data-elementor-type=\"wp-page\" data-elementor-id=\"3\" class=\"elementor elementor-3\" data-elementor-post-type=\"page\">\n\t\t\t\t<div class=\"elementor-element elementor-element-772069ce e-flex e-con-boxed e-con e-parent\" data-id=\"772069ce\" data-element_type=\"container\" data-e-type=\"container\" data-settings=\"{&quot;background_background&quot;:&quot;classic&quot;}\">\n\t\t\t\t\t<div class=\"e-con-inner\">\n\t\t\t\t<div class=\"elementor-element elementor-element-1b597248 elementor-widget elementor-widget-text-editor\" data-id=\"1b597248\" data-element_type=\"widget\" data-e-type=\"widget\" data-widget_type=\"text-editor.default\">\n\t\t\t\t<div class=\"elementor-widget-container\">\n\t\t\t\t\t\t\t\t\t\n<h2 class=\"wp-block-heading\">Mentions l\u00e9gales<\/h2>\n\n\n\n<p>Le site <a style=\"color: white; text-decoration: underline;\" href=\"https:\/\/www.opalinski-avocat.com\">www.opalinski-avocat.com<\/a> est \u00e9dit\u00e9 par Ma\u00eetre J\u00e9r\u00f4me OPALINSKI, sis 22 rue de la Paix \u2013 75002 Paris.<br \/>Avocat au Barreau de Paris.<br \/>Num\u00e9ro de TVA intracommunautaire : FR 13 840 469 175<br \/>Num\u00e9ro de SIRET : 840 469 175 00045<br \/>Directeur de la publication : J\u00e9r\u00f4me OPALINSKI<br \/>Mail de contact : <a style=\"color: white; text-decoration: underline;\" href=\"mailto:jerome@opalinski-avocat.com\">jerome@opalinski-avocat.com<\/a><br \/>T\u00e9l\u00e9phone de contact : 06.15.89.93.11<\/p>\n\n\n\n<h2 class=\"wp-block-heading\">Site<\/h2>\n\n\n\n<p>Ce site est purement informatif. Il pr\u00e9sente les activit\u00e9s du cabinet J\u00e9r\u00f4me Opalinski Avocat sans constituer une offre contractuelle. Aucune responsabilit\u00e9 ne saurait \u00eatre engag\u00e9e quant \u00e0 l&rsquo;exactitude ou l\u2019accessibilit\u00e9 du contenu.<\/p>\n\n\n\n<p>\u00a9 J\u00e9r\u00f4me Opalinski. Tous droits r\u00e9serv\u00e9s.<br \/>Sauf autorisation expresse, la reproduction ainsi que toute utilisation du contenu du pr\u00e9sent site \u00e0 d\u2019autres fins que la consultation priv\u00e9e sont interdites.<\/p>\n\n\n\n<h2 class=\"wp-block-heading\">Protection des donn\u00e9es personnelles<\/h2>\n\n\n\n<p>Conform\u00e9ment \u00e0 la loi n\u00b0 78-17 du 6 janvier 1978 (modifi\u00e9e), vous disposez d\u2019un droit d\u2019acc\u00e8s, de rectification et de suppression des donn\u00e9es personnelles vous concernant. Vous pouvez exercer ce droit en \u00e9crivant \u00e0 <a style=\"color: black; text-decoration: underline;\" href=\"mailto:jerome@opalinski-avocat.com\">jerome@opalinski-avocat.com<\/a>.<\/p>\n\n\n\n<p>Les donn\u00e9es sont collect\u00e9es dans le cadre du traitement des dossiers clients et de l\u2019analyse du trafic du site. Elles ne sont accessibles qu\u2019aux membres du cabinet.<\/p>\n\n\n\n<h2 class=\"wp-block-heading\">Propri\u00e9t\u00e9 intellectuelle<\/h2>\n\n\n\n<p>Ce site et ses contenus sont la propri\u00e9t\u00e9 exclusive de Ma\u00eetre J\u00e9r\u00f4me Opalinski ou de tiers autoris\u00e9s. Toute r\u00e9utilisation sans accord est interdite.<\/p>\n\n\n\n<h2 class=\"wp-block-heading\">Conception et r\u00e9alisation<\/h2>\n\n\n\n<p>Design et d\u00e9veloppement : Bureau 1217<br \/><a style=\"color: white; text-decoration: underline;\" href=\"https:\/\/www.bureau1217.com\">www.bureau1217.com<\/a><\/p>\n\n\n\n<h2 class=\"wp-block-heading\">H\u00e9bergeur<\/h2>\n\n\n\n<p>OVH \u2013 RCS Roubaix \u2013 Tourcoing 424 761 419 00045<br \/>Code APE : 6202A<br \/>N\u00b0 TVA : FR 22 424 761 419<br \/>Si\u00e8ge social : 2 rue Kellermann \u2013 59100 Roubaix \u2013 France<\/p>\n\n\n\n<h2 class=\"wp-block-heading\">M\u00e9diateur de la consommation<\/h2>\n\n\n\n<p>Conform\u00e9ment aux articles L.612-1 et suivants du Code de la consommation, vous pouvez recourir gratuitement au M\u00e9diateur de la consommation aupr\u00e8s du Conseil National des Barreaux (CNB) :<br \/>CNB, M\u00e9diateur \u00e0 la consommation \u2013 180 boulevard Haussmann \u2013 75008 PARIS<\/p>\n\n\n\n<p>&nbsp;<\/p>\n\n<p>&nbsp;<\/p>\t\t\t\t\t\t\t\t<\/div>\n\t\t\t\t<\/div>\n\t\t\t\t<div class=\"elementor-element elementor-element-0b904ef elementor-widget-divider--view-line elementor-widget elementor-widget-divider\" data-id=\"0b904ef\" data-element_type=\"widget\" data-e-type=\"widget\" data-widget_type=\"divider.default\">\n\t\t\t\t<div class=\"elementor-widget-container\">\n\t\t\t\t\t\t\t<div class=\"elementor-divider\">\n\t\t\t<span class=\"elementor-divider-separator\">\n\t\t\t\t\t\t<\/span>\n\t\t<\/div>\n\t\t\t\t\t\t<\/div>\n\t\t\t\t<\/div>\n\t\t\t\t\t<\/div>\n\t\t\t\t<\/div>\n\t\t\t\t<\/div>\n\t\t","protected":false},"excerpt":{"rendered":"<p>Mentions l\u00e9gales Le site www.opalinski-avocat.com est \u00e9dit\u00e9 par Ma\u00eetre J\u00e9r\u00f4me OPALINSKI, sis 22 rue de la Paix \u2013 75002 Paris.Avocat au Barreau de Paris.Num\u00e9ro de TVA intracommunautaire : FR 13 840 469 175Num\u00e9ro de SIRET : 840 469 175 00045Directeur de la publication : J\u00e9r\u00f4me OPALINSKIMail de contact : jerome@opalinski-avocat.comT\u00e9l\u00e9phone de contact : 06.15.89.93.11 Site [&hellip;]<\/p>\n","protected":false},"author":1,"featured_media":0,"parent":0,"menu_order":0,"comment_status":"closed","ping_status":"open","template":"","meta":{"footnotes":""},"class_list":["post-3","page","type-page","status-publish","hentry"],"_links":{"self":[{"href":"https:\/\/opalinski-avocat.com\/index.php\/wp-json\/wp\/v2\/pages\/3","targetHints":{"allow":["GET"]}}],"collection":[{"href":"https:\/\/opalinski-avocat.com\/index.php\/wp-json\/wp\/v2\/pages"}],"about":[{"href":"https:\/\/opalinski-avocat.com\/index.php\/wp-json\/wp\/v2\/types\/page"}],"author":[{"embeddable":true,"href":"https:\/\/opalinski-avocat.com\/index.php\/wp-json\/wp\/v2\/users\/1"}],"replies":[{"embeddable":true,"href":"https:\/\/opalinski-avocat.com\/index.php\/wp-json\/wp\/v2\/comments?post=3"}],"version-history":[{"count":22,"href":"https:\/\/opalinski-avocat.com\/index.php\/wp-json\/wp\/v2\/pages\/3\/revisions"}],"predecessor-version":[{"id":1755,"href":"https:\/\/opalinski-avocat.com\/index.php\/wp-json\/wp\/v2\/pages\/3\/revisions\/1755"}],"wp:attachment":[{"href":"https:\/\/opalinski-avocat.com\/index.php\/wp-json\/wp\/v2\/media?parent=3"}],"curies":[{"name":"wp","href":"https:\/\/api.w.org\/{rel}","templated":true}]}}